{"id":5976,"date":"2024-07-06T16:14:34","date_gmt":"2024-07-06T16:14:34","guid":{"rendered":"https:\/\/www.periayarnn.com\/?post_type=product&#038;p=5976"},"modified":"2025-02-16T15:21:06","modified_gmt":"2025-02-16T15:21:06","slug":"siyah-peria-el-isi-cotton","status":"publish","type":"product","link":"https:\/\/www.periayarnn.com\/index.php\/urun\/siyah-peria-el-isi-cotton\/","title":{"rendered":"S\u0130YAH PER\u0130A EL \u0130\u015e\u0130 COTTON"},"content":{"rendered":"<ul>\n<li>S\u0130YAH %100 COTTON<\/li>\n<li><em>100 GRAM<\/em><\/li>\n<\/ul>\n","protected":false},"excerpt":{"rendered":"<p>S\u0130YAH %100 COTTON 100 GRAM<\/p>\n","protected":false},"featured_media":5977,"comment_status":"open","ping_status":"closed","template":"","meta":[],"product_cat":[126],"product_tag":[],"_links":{"self":[{"href":"https:\/\/www.periayarnn.com\/index.php\/wp-json\/wp\/v2\/product\/5976"}],"collection":[{"href":"https:\/\/www.periayarnn.com\/index.php\/wp-json\/wp\/v2\/product"}],"about":[{"href":"https:\/\/www.periayarnn.com\/index.php\/wp-json\/wp\/v2\/types\/product"}],"replies":[{"embeddable":true,"href":"https:\/\/www.periayarnn.com\/index.php\/wp-json\/wp\/v2\/comments?post=5976"}],"wp:featuredmedia":[{"embeddable":true,"href":"https:\/\/www.periayarnn.com\/index.php\/wp-json\/wp\/v2\/media\/5977"}],"wp:attachment":[{"href":"https:\/\/www.periayarnn.com\/index.php\/wp-json\/wp\/v2\/media?parent=5976"}],"wp:term":[{"taxonomy":"product_cat","embeddable":true,"href":"https:\/\/www.periayarnn.com\/index.php\/wp-json\/wp\/v2\/product_cat?post=5976"},{"taxonomy":"product_tag","embeddable":true,"href":"https:\/\/www.periayarnn.com\/index.php\/wp-json\/wp\/v2\/product_tag?post=5976"}],"curies":[{"name":"wp","href":"https:\/\/api.w.org\/{rel}","templated":true}]}}