{"id":5972,"date":"2024-07-06T16:05:44","date_gmt":"2024-07-06T16:05:44","guid":{"rendered":"https:\/\/www.periayarnn.com\/?post_type=product&#038;p=5972"},"modified":"2026-03-01T18:33:22","modified_gmt":"2026-03-01T18:33:22","slug":"bebe-mavi-peria-el-isi-cotton","status":"publish","type":"product","link":"https:\/\/www.periayarnn.com\/index.php\/urun\/bebe-mavi-peria-el-isi-cotton\/","title":{"rendered":"BEBE MAV\u0130 PER\u0130A EL \u0130\u015e\u0130 COTTON"},"content":{"rendered":"<ul>\n<li>BEBE MAV\u0130 %100 COTTON<\/li>\n<li><em>100 GRAM<\/em><\/li>\n<\/ul>\n","protected":false},"excerpt":{"rendered":"<p>BEBE MAV\u0130 %100 COTTON 100 GRAM<\/p>\n","protected":false},"featured_media":5973,"comment_status":"open","ping_status":"closed","template":"","meta":[],"product_cat":[126],"product_tag":[],"_links":{"self":[{"href":"https:\/\/www.periayarnn.com\/index.php\/wp-json\/wp\/v2\/product\/5972"}],"collection":[{"href":"https:\/\/www.periayarnn.com\/index.php\/wp-json\/wp\/v2\/product"}],"about":[{"href":"https:\/\/www.periayarnn.com\/index.php\/wp-json\/wp\/v2\/types\/product"}],"replies":[{"embeddable":true,"href":"https:\/\/www.periayarnn.com\/index.php\/wp-json\/wp\/v2\/comments?post=5972"}],"wp:featuredmedia":[{"embeddable":true,"href":"https:\/\/www.periayarnn.com\/index.php\/wp-json\/wp\/v2\/media\/5973"}],"wp:attachment":[{"href":"https:\/\/www.periayarnn.com\/index.php\/wp-json\/wp\/v2\/media?parent=5972"}],"wp:term":[{"taxonomy":"product_cat","embeddable":true,"href":"https:\/\/www.periayarnn.com\/index.php\/wp-json\/wp\/v2\/product_cat?post=5972"},{"taxonomy":"product_tag","embeddable":true,"href":"https:\/\/www.periayarnn.com\/index.php\/wp-json\/wp\/v2\/product_tag?post=5972"}],"curies":[{"name":"wp","href":"https:\/\/api.w.org\/{rel}","templated":true}]}}