{"id":5961,"date":"2024-07-06T15:47:12","date_gmt":"2024-07-06T15:47:12","guid":{"rendered":"https:\/\/www.periayarnn.com\/?post_type=product&#038;p=5961"},"modified":"2026-03-05T18:01:54","modified_gmt":"2026-03-05T18:01:54","slug":"kiremit-fusya-peria-el-isi-cotton","status":"publish","type":"product","link":"https:\/\/www.periayarnn.com\/index.php\/urun\/kiremit-fusya-peria-el-isi-cotton\/","title":{"rendered":"K\u0130REM\u0130T FU\u015eYA PER\u0130A EL \u0130\u015e\u0130 COTTON"},"content":{"rendered":"<ul>\n<li><em>K\u0130REM\u0130T <\/em>%100 COTTON<\/li>\n<li><em>100 GRAM<\/em><\/li>\n<\/ul>\n","protected":false},"excerpt":{"rendered":"<p>K\u0130REM\u0130T %100 COTTON 100 GRAM<\/p>\n","protected":false},"featured_media":5962,"comment_status":"open","ping_status":"closed","template":"","meta":[],"product_cat":[126],"product_tag":[],"_links":{"self":[{"href":"https:\/\/www.periayarnn.com\/index.php\/wp-json\/wp\/v2\/product\/5961"}],"collection":[{"href":"https:\/\/www.periayarnn.com\/index.php\/wp-json\/wp\/v2\/product"}],"about":[{"href":"https:\/\/www.periayarnn.com\/index.php\/wp-json\/wp\/v2\/types\/product"}],"replies":[{"embeddable":true,"href":"https:\/\/www.periayarnn.com\/index.php\/wp-json\/wp\/v2\/comments?post=5961"}],"wp:featuredmedia":[{"embeddable":true,"href":"https:\/\/www.periayarnn.com\/index.php\/wp-json\/wp\/v2\/media\/5962"}],"wp:attachment":[{"href":"https:\/\/www.periayarnn.com\/index.php\/wp-json\/wp\/v2\/media?parent=5961"}],"wp:term":[{"taxonomy":"product_cat","embeddable":true,"href":"https:\/\/www.periayarnn.com\/index.php\/wp-json\/wp\/v2\/product_cat?post=5961"},{"taxonomy":"product_tag","embeddable":true,"href":"https:\/\/www.periayarnn.com\/index.php\/wp-json\/wp\/v2\/product_tag?post=5961"}],"curies":[{"name":"wp","href":"https:\/\/api.w.org\/{rel}","templated":true}]}}