{"id":5299,"date":"2023-03-18T00:08:17","date_gmt":"2023-03-18T00:08:17","guid":{"rendered":"https:\/\/www.periayarnn.com\/?post_type=product&#038;p=5299"},"modified":"2026-01-21T17:20:57","modified_gmt":"2026-01-21T17:20:57","slug":"5299","status":"publish","type":"product","link":"https:\/\/www.periayarnn.com\/index.php\/urun\/5299\/","title":{"rendered":"Amigurumi Vik Vik \u00c7\u0131ng\u0131rak Topu"},"content":{"rendered":"<p>\u00c7\u0131ng\u0131rak toplar amigurumi oyuncaklar\u0131n ya da bez bebeklerin i\u00e7ine konulabilir. Bebek \u00e7\u0131ng\u0131raklar\u0131 i\u00e7in de idealdir. \u00c7ap\u0131 yakla\u015f\u0131k 2 cm&#8217;dir.<\/p>\n","protected":false},"excerpt":{"rendered":"<p>\u00c7\u0131ng\u0131rak toplar amigurumi oyuncaklar\u0131n ya da bez bebeklerin i\u00e7ine konulabilir. Bebek \u00e7\u0131ng\u0131raklar\u0131 i\u00e7in de idealdir. \u00c7ap\u0131 yakla\u015f\u0131k 2 cm&#8217;dir.<\/p>\n","protected":false},"featured_media":5300,"comment_status":"open","ping_status":"closed","template":"","meta":[],"product_cat":[62],"product_tag":[],"_links":{"self":[{"href":"https:\/\/www.periayarnn.com\/index.php\/wp-json\/wp\/v2\/product\/5299"}],"collection":[{"href":"https:\/\/www.periayarnn.com\/index.php\/wp-json\/wp\/v2\/product"}],"about":[{"href":"https:\/\/www.periayarnn.com\/index.php\/wp-json\/wp\/v2\/types\/product"}],"replies":[{"embeddable":true,"href":"https:\/\/www.periayarnn.com\/index.php\/wp-json\/wp\/v2\/comments?post=5299"}],"wp:featuredmedia":[{"embeddable":true,"href":"https:\/\/www.periayarnn.com\/index.php\/wp-json\/wp\/v2\/media\/5300"}],"wp:attachment":[{"href":"https:\/\/www.periayarnn.com\/index.php\/wp-json\/wp\/v2\/media?parent=5299"}],"wp:term":[{"taxonomy":"product_cat","embeddable":true,"href":"https:\/\/www.periayarnn.com\/index.php\/wp-json\/wp\/v2\/product_cat?post=5299"},{"taxonomy":"product_tag","embeddable":true,"href":"https:\/\/www.periayarnn.com\/index.php\/wp-json\/wp\/v2\/product_tag?post=5299"}],"curies":[{"name":"wp","href":"https:\/\/api.w.org\/{rel}","templated":true}]}}