{"id":5155,"date":"2023-03-15T13:06:36","date_gmt":"2023-03-15T13:06:36","guid":{"rendered":"https:\/\/www.periayarnn.com\/index.php\/urun\/platin-sari-peria-hairstar-parlak-sac-ipi\/"},"modified":"2026-02-10T17:15:17","modified_gmt":"2026-02-10T17:15:17","slug":"platin-sari-peria-hairstar-parlak-sac-ipi","status":"publish","type":"product","link":"https:\/\/www.periayarnn.com\/index.php\/urun\/platin-sari-peria-hairstar-parlak-sac-ipi\/","title":{"rendered":"Platin Sar\u0131-Peria Hairstar Parlak Sa\u00e7 \u0130pi"},"content":{"rendered":"","protected":false},"excerpt":{"rendered":"<p>Peria Hairstar Parlak Sa\u00e7 \u0130pi &#8211; 100 gr. Polyester<\/p>\n","protected":false},"featured_media":5154,"comment_status":"open","ping_status":"closed","template":"","meta":[],"product_cat":[50],"product_tag":[],"_links":{"self":[{"href":"https:\/\/www.periayarnn.com\/index.php\/wp-json\/wp\/v2\/product\/5155"}],"collection":[{"href":"https:\/\/www.periayarnn.com\/index.php\/wp-json\/wp\/v2\/product"}],"about":[{"href":"https:\/\/www.periayarnn.com\/index.php\/wp-json\/wp\/v2\/types\/product"}],"replies":[{"embeddable":true,"href":"https:\/\/www.periayarnn.com\/index.php\/wp-json\/wp\/v2\/comments?post=5155"}],"wp:featuredmedia":[{"embeddable":true,"href":"https:\/\/www.periayarnn.com\/index.php\/wp-json\/wp\/v2\/media\/5154"}],"wp:attachment":[{"href":"https:\/\/www.periayarnn.com\/index.php\/wp-json\/wp\/v2\/media?parent=5155"}],"wp:term":[{"taxonomy":"product_cat","embeddable":true,"href":"https:\/\/www.periayarnn.com\/index.php\/wp-json\/wp\/v2\/product_cat?post=5155"},{"taxonomy":"product_tag","embeddable":true,"href":"https:\/\/www.periayarnn.com\/index.php\/wp-json\/wp\/v2\/product_tag?post=5155"}],"curies":[{"name":"wp","href":"https:\/\/api.w.org\/{rel}","templated":true}]}}