{"id":5093,"date":"2023-03-15T12:50:33","date_gmt":"2023-03-15T12:50:33","guid":{"rendered":"https:\/\/www.periayarnn.com\/index.php\/urun\/317-peria-baby-soft-cotton-xlten-rengi\/"},"modified":"2026-04-17T09:49:59","modified_gmt":"2026-04-17T09:49:59","slug":"317-peria-baby-soft-cotton-xlten-rengi","status":"publish","type":"product","link":"https:\/\/www.periayarnn.com\/index.php\/urun\/317-peria-baby-soft-cotton-xlten-rengi\/","title":{"rendered":"317-PER\u0130A BABY SOFT COTTON XL\nTEN RENG\u0130"},"content":{"rendered":"","protected":false},"excerpt":{"rendered":"<p>Peria Baby Soft Cotton XL parlak yap\u0131s\u0131 ve pamuklu i\u00e7eri\u011fi ile amigurumi ve bebek \u00f6rg\u00fclerinde g\u00fcvenle tercih edilmektedir.Peria Baby Soft Cotton XL ile \u00f6r\u00fclen \u00f6rg\u00fclerinizi 30 derecede y\u0131kayabilir,\u00fct\u00fcleme i\u015flemi yapabilirsiniz.<\/p>\n<p> \u0130\u00e7erik: %50 Pamuk &#8211; %50 Akrilik<\/p>\n<p>Gramaj: 50 gr.<\/p>\n<p>Metraj: 110 mt.<\/p>\n<p>\u015ei\u015f No: 3,5 &#8211; 5 mm.<\/p>\n<p>T\u0131\u011f No: 2,5 &#8211; 3  mm.<\/p>\n","protected":false},"featured_media":5092,"comment_status":"open","ping_status":"closed","template":"","meta":[],"product_cat":[48],"product_tag":[],"_links":{"self":[{"href":"https:\/\/www.periayarnn.com\/index.php\/wp-json\/wp\/v2\/product\/5093"}],"collection":[{"href":"https:\/\/www.periayarnn.com\/index.php\/wp-json\/wp\/v2\/product"}],"about":[{"href":"https:\/\/www.periayarnn.com\/index.php\/wp-json\/wp\/v2\/types\/product"}],"replies":[{"embeddable":true,"href":"https:\/\/www.periayarnn.com\/index.php\/wp-json\/wp\/v2\/comments?post=5093"}],"wp:featuredmedia":[{"embeddable":true,"href":"https:\/\/www.periayarnn.com\/index.php\/wp-json\/wp\/v2\/media\/5092"}],"wp:attachment":[{"href":"https:\/\/www.periayarnn.com\/index.php\/wp-json\/wp\/v2\/media?parent=5093"}],"wp:term":[{"taxonomy":"product_cat","embeddable":true,"href":"https:\/\/www.periayarnn.com\/index.php\/wp-json\/wp\/v2\/product_cat?post=5093"},{"taxonomy":"product_tag","embeddable":true,"href":"https:\/\/www.periayarnn.com\/index.php\/wp-json\/wp\/v2\/product_tag?post=5093"}],"curies":[{"name":"wp","href":"https:\/\/api.w.org\/{rel}","templated":true}]}}