{"id":4908,"date":"2023-03-14T13:47:43","date_gmt":"2023-03-14T13:47:43","guid":{"rendered":"https:\/\/www.periayarnn.com\/?post_type=product&#038;p=4908"},"modified":"2026-01-21T17:27:02","modified_gmt":"2026-01-21T17:27:02","slug":"peria-polyester-makrome-ipi-ekru-2","status":"publish","type":"product","link":"https:\/\/www.periayarnn.com\/index.php\/urun\/peria-polyester-makrome-ipi-ekru-2\/","title":{"rendered":"Peria Polyester Makrome \u0130pi Ekru"},"content":{"rendered":"","protected":false},"excerpt":{"rendered":"<p>%100 Polyester Makrome \u0130pidir<\/p>\n<p>A\u011f\u0131rl\u0131k :100 GR<\/p>\n<p>Metraj: 140 metre<\/p>\n<p>3 numara kal\u0131nl\u0131\u011f\u0131nda<\/p>\n<p>Her t\u00fcrl\u00fc supla, \u00e7anta \u00f6rg\u00fclerinizde kullanabilirsiniz.<\/p>\n","protected":false},"featured_media":4918,"comment_status":"open","ping_status":"closed","template":"","meta":[],"product_cat":[15,42],"product_tag":[],"_links":{"self":[{"href":"https:\/\/www.periayarnn.com\/index.php\/wp-json\/wp\/v2\/product\/4908"}],"collection":[{"href":"https:\/\/www.periayarnn.com\/index.php\/wp-json\/wp\/v2\/product"}],"about":[{"href":"https:\/\/www.periayarnn.com\/index.php\/wp-json\/wp\/v2\/types\/product"}],"replies":[{"embeddable":true,"href":"https:\/\/www.periayarnn.com\/index.php\/wp-json\/wp\/v2\/comments?post=4908"}],"wp:featuredmedia":[{"embeddable":true,"href":"https:\/\/www.periayarnn.com\/index.php\/wp-json\/wp\/v2\/media\/4918"}],"wp:attachment":[{"href":"https:\/\/www.periayarnn.com\/index.php\/wp-json\/wp\/v2\/media?parent=4908"}],"wp:term":[{"taxonomy":"product_cat","embeddable":true,"href":"https:\/\/www.periayarnn.com\/index.php\/wp-json\/wp\/v2\/product_cat?post=4908"},{"taxonomy":"product_tag","embeddable":true,"href":"https:\/\/www.periayarnn.com\/index.php\/wp-json\/wp\/v2\/product_tag?post=4908"}],"curies":[{"name":"wp","href":"https:\/\/api.w.org\/{rel}","templated":true}]}}