{"id":4807,"date":"2023-03-14T12:00:02","date_gmt":"2023-03-14T12:00:02","guid":{"rendered":"https:\/\/www.periayarnn.com\/index.php\/urun\/23-rafya-degradeli-yesil-kahverengi\/"},"modified":"2025-11-19T14:52:41","modified_gmt":"2025-11-19T14:52:41","slug":"23-rafya-degradeli-doga-tonlari","status":"publish","type":"product","link":"https:\/\/www.periayarnn.com\/index.php\/urun\/23-rafya-degradeli-doga-tonlari\/","title":{"rendered":"23-Rafya Degradeli Do\u011fa Tonlar\u0131"},"content":{"rendered":"<p>Y\u00fczde y\u00fcz yerli iplerimizle \u00f6rg\u00fcn\u00fcz\u00fcn tad\u0131n\u0131 \u00e7\u0131kar\u0131n!<\/p>\n<p>A\u011f\u0131rl\u0131k 150gr.<\/p>\n","protected":false},"excerpt":{"rendered":"<p>Y\u00fczde y\u00fcz yerli iplerimizle \u00f6rg\u00fcn\u00fcz\u00fcn tad\u0131n\u0131 \u00e7\u0131kar\u0131n! A\u011f\u0131rl\u0131k 150gr.<\/p>\n","protected":false},"featured_media":4748,"comment_status":"open","ping_status":"closed","template":"","meta":[],"product_cat":[15,41],"product_tag":[],"_links":{"self":[{"href":"https:\/\/www.periayarnn.com\/index.php\/wp-json\/wp\/v2\/product\/4807"}],"collection":[{"href":"https:\/\/www.periayarnn.com\/index.php\/wp-json\/wp\/v2\/product"}],"about":[{"href":"https:\/\/www.periayarnn.com\/index.php\/wp-json\/wp\/v2\/types\/product"}],"replies":[{"embeddable":true,"href":"https:\/\/www.periayarnn.com\/index.php\/wp-json\/wp\/v2\/comments?post=4807"}],"wp:featuredmedia":[{"embeddable":true,"href":"https:\/\/www.periayarnn.com\/index.php\/wp-json\/wp\/v2\/media\/4748"}],"wp:attachment":[{"href":"https:\/\/www.periayarnn.com\/index.php\/wp-json\/wp\/v2\/media?parent=4807"}],"wp:term":[{"taxonomy":"product_cat","embeddable":true,"href":"https:\/\/www.periayarnn.com\/index.php\/wp-json\/wp\/v2\/product_cat?post=4807"},{"taxonomy":"product_tag","embeddable":true,"href":"https:\/\/www.periayarnn.com\/index.php\/wp-json\/wp\/v2\/product_tag?post=4807"}],"curies":[{"name":"wp","href":"https:\/\/api.w.org\/{rel}","templated":true}]}}