{"id":4790,"date":"2023-03-14T11:59:57","date_gmt":"2023-03-14T11:59:57","guid":{"rendered":"https:\/\/www.periayarnn.com\/index.php\/urun\/05-rafya-fusya\/"},"modified":"2025-09-10T20:15:08","modified_gmt":"2025-09-10T20:15:08","slug":"05-rafya-fusya","status":"publish","type":"product","link":"https:\/\/www.periayarnn.com\/index.php\/urun\/05-rafya-fusya\/","title":{"rendered":"05-Rafya Fu\u015fya"},"content":{"rendered":"<p>Y\u00fczde y\u00fcz yerli iplerimizle \u00f6rg\u00fcn\u00fcz\u00fcn tad\u0131n\u0131 \u00e7\u0131kar\u0131n!<\/p>\n<p>A\u011f\u0131rl\u0131k 150gr.<\/p>\n","protected":false},"excerpt":{"rendered":"<p>Y\u00fczde y\u00fcz yerli iplerimizle \u00f6rg\u00fcn\u00fcz\u00fcn tad\u0131n\u0131 \u00e7\u0131kar\u0131n! A\u011f\u0131rl\u0131k 150gr.<\/p>\n","protected":false},"featured_media":4764,"comment_status":"open","ping_status":"closed","template":"","meta":[],"product_cat":[15,41],"product_tag":[],"_links":{"self":[{"href":"https:\/\/www.periayarnn.com\/index.php\/wp-json\/wp\/v2\/product\/4790"}],"collection":[{"href":"https:\/\/www.periayarnn.com\/index.php\/wp-json\/wp\/v2\/product"}],"about":[{"href":"https:\/\/www.periayarnn.com\/index.php\/wp-json\/wp\/v2\/types\/product"}],"replies":[{"embeddable":true,"href":"https:\/\/www.periayarnn.com\/index.php\/wp-json\/wp\/v2\/comments?post=4790"}],"wp:featuredmedia":[{"embeddable":true,"href":"https:\/\/www.periayarnn.com\/index.php\/wp-json\/wp\/v2\/media\/4764"}],"wp:attachment":[{"href":"https:\/\/www.periayarnn.com\/index.php\/wp-json\/wp\/v2\/media?parent=4790"}],"wp:term":[{"taxonomy":"product_cat","embeddable":true,"href":"https:\/\/www.periayarnn.com\/index.php\/wp-json\/wp\/v2\/product_cat?post=4790"},{"taxonomy":"product_tag","embeddable":true,"href":"https:\/\/www.periayarnn.com\/index.php\/wp-json\/wp\/v2\/product_tag?post=4790"}],"curies":[{"name":"wp","href":"https:\/\/api.w.org\/{rel}","templated":true}]}}