{"id":4619,"date":"2023-03-12T23:56:50","date_gmt":"2023-03-12T23:56:50","guid":{"rendered":"https:\/\/www.periayarnn.com\/index.php\/urun\/35-peria-baby-soft-cotton-ak-krmz\/"},"modified":"2026-04-17T09:47:32","modified_gmt":"2026-04-17T09:47:32","slug":"35-peria-baby-soft-cotton-ak-krmz","status":"publish","type":"product","link":"https:\/\/www.periayarnn.com\/index.php\/urun\/35-peria-baby-soft-cotton-ak-krmz\/","title":{"rendered":"35-Peria Baby Soft Cotton A\u00e7\u0131k K\u0131rm\u0131z\u0131"},"content":{"rendered":"","protected":false},"excerpt":{"rendered":"","protected":false},"featured_media":4652,"comment_status":"open","ping_status":"closed","template":"","meta":[],"product_cat":[15,46,19],"product_tag":[],"_links":{"self":[{"href":"https:\/\/www.periayarnn.com\/index.php\/wp-json\/wp\/v2\/product\/4619"}],"collection":[{"href":"https:\/\/www.periayarnn.com\/index.php\/wp-json\/wp\/v2\/product"}],"about":[{"href":"https:\/\/www.periayarnn.com\/index.php\/wp-json\/wp\/v2\/types\/product"}],"replies":[{"embeddable":true,"href":"https:\/\/www.periayarnn.com\/index.php\/wp-json\/wp\/v2\/comments?post=4619"}],"wp:featuredmedia":[{"embeddable":true,"href":"https:\/\/www.periayarnn.com\/index.php\/wp-json\/wp\/v2\/media\/4652"}],"wp:attachment":[{"href":"https:\/\/www.periayarnn.com\/index.php\/wp-json\/wp\/v2\/media?parent=4619"}],"wp:term":[{"taxonomy":"product_cat","embeddable":true,"href":"https:\/\/www.periayarnn.com\/index.php\/wp-json\/wp\/v2\/product_cat?post=4619"},{"taxonomy":"product_tag","embeddable":true,"href":"https:\/\/www.periayarnn.com\/index.php\/wp-json\/wp\/v2\/product_tag?post=4619"}],"curies":[{"name":"wp","href":"https:\/\/api.w.org\/{rel}","templated":true}]}}